{"id":7,"date":"2023-08-16T16:39:49","date_gmt":"2023-08-16T14:39:49","guid":{"rendered":"https:\/\/codydrone.fr\/?page_id=7"},"modified":"2025-02-17T19:24:58","modified_gmt":"2025-02-17T18:24:58","slug":"beaux-portfolios-pour-des-creatifs-exceptionnels","status":"publish","type":"page","link":"https:\/\/codydrone.fr\/","title":{"rendered":"Donnez une Nouvelle Dimension \u00e0 Vos Prises de Vue A\u00e9riennes"},"content":{"rendered":"\n<p class=\"has-text-align-center\">Que ce soit pour un&nbsp;<strong>projet personnel ou professionnel<\/strong>, la&nbsp;<strong>prise de vue par drone<\/strong>&nbsp;est la solution id\u00e9ale pour capturer des images spectaculaires sous un&nbsp;<strong>angle unique<\/strong>.<\/p>\n\n\n\n<p class=\"has-text-align-center\">\ud83d\udccc&nbsp;<strong>Immobilier<\/strong>&nbsp;: Sublimez vos biens avec des prises de vue a\u00e9riennes percutantes.<br>\ud83d\udccc&nbsp;<strong>Entreprise &amp; Marketing<\/strong>&nbsp;: Mettez en valeur votre soci\u00e9t\u00e9 avec des vid\u00e9os professionnelles en haute d\u00e9finition.<br>\ud83d\udccc&nbsp;<strong>\u00c9v\u00e9nements<\/strong>&nbsp;: Immortalisez vos&nbsp;<strong>mariages, festivals, comp\u00e9titions sportives<\/strong>&nbsp;ou tout autre moment fort avec des images inoubliables vues du ciel.<\/p>\n\n\n\n<p class=\"has-text-align-center\">Optez pour la&nbsp;<strong>vid\u00e9o a\u00e9rienne par drone<\/strong>&nbsp;et offrez \u00e0 vos projets une perspective&nbsp;<strong>innovante, dynamique et immersive<\/strong>&nbsp;!<\/p>\n\n\n\n<div style=\"height:55px\" aria-hidden=\"true\" class=\"wp-block-spacer\"><\/div>\n\n\n\n<div class=\"wp-block-group alignfull has-background is-layout-flow wp-block-group-is-layout-flow\" style=\"background-color:#e5e9ec\">\n<div class=\"wp-block-columns is-layout-flex wp-container-core-columns-is-layout-1 wp-block-columns-is-layout-flex\">\n<div class=\"wp-block-column is-vertically-aligned-center is-layout-flow wp-block-column-is-layout-flow\">\n<h2 class=\"wp-block-heading\">\u00c0 Propos de Moi \u2013 T\u00e9l\u00e9pilote de Drone Certifi\u00e9 DGAC<\/h2>\n\n\n\n<p>je suis&nbsp;<strong>t\u00e9l\u00e9pilote de drone<\/strong>, <strong>Dipl\u00f4m\u00e9 par la Direction G\u00e9n\u00e9rale de l&rsquo;Aviation Civile (DGAC)<\/strong>, sp\u00e9cialis\u00e9 dans la&nbsp;<strong>prise de vue a\u00e9rienne<\/strong>&nbsp;pour vos projets&nbsp;<strong>personnels et professionnels<\/strong>.<\/p>\n\n\n\n<p>Que ce soit pour l\u2019<strong>immobilier<\/strong>, l\u2019<strong>\u00e9v\u00e9nementiel<\/strong>&nbsp;ou la&nbsp;<strong>communication d\u2019entreprise<\/strong>, je vous propose des prises de vue par drone&nbsp;<strong>de haute qualit\u00e9<\/strong>, conformes aux normes en vigueur.<\/p>\n\n\n\n<p>Faites appel \u00e0 un&nbsp;<strong>pilote certifi\u00e9<\/strong>&nbsp;pour des images spectaculaires et un rendu professionnel.<\/p>\n\n\n\n<div class=\"wp-block-buttons is-horizontal is-content-justification-left is-layout-flex wp-container-core-buttons-is-layout-1 wp-block-buttons-is-layout-flex\">\n<div class=\"wp-block-button is-style-outline is-style-outline--1\"><a class=\"wp-block-button__link wp-element-button\" href=\"https:\/\/codydrone.fr\/?page_id=49\">A PROPOS<\/a><\/div>\n<\/div>\n\n\n\n<p><\/p>\n<\/div>\n\n\n\n<div class=\"wp-block-column is-layout-flow wp-block-column-is-layout-flow\">\n<figure class=\"wp-block-image alignright size-full\"><img loading=\"lazy\" decoding=\"async\" width=\"1024\" height=\"1024\" src=\"https:\/\/codydrone.fr\/wp-content\/uploads\/2025\/04\/fab29357-0a80-4b67-beb7-df7fde1c9f07.jpg\" alt=\"\" class=\"wp-image-220\" title=\"\" srcset=\"https:\/\/codydrone.fr\/wp-content\/uploads\/2025\/04\/fab29357-0a80-4b67-beb7-df7fde1c9f07.jpg 1024w, https:\/\/codydrone.fr\/wp-content\/uploads\/2025\/04\/fab29357-0a80-4b67-beb7-df7fde1c9f07-300x300.jpg 300w, https:\/\/codydrone.fr\/wp-content\/uploads\/2025\/04\/fab29357-0a80-4b67-beb7-df7fde1c9f07-150x150.jpg 150w\" sizes=\"auto, (max-width: 1024px) 100vw, 1024px\" \/><\/figure>\n<\/div>\n<\/div>\n<\/div>\n\n\n\n<div style=\"height:25px\" aria-hidden=\"true\" class=\"wp-block-spacer\"><\/div>\n\n\n\n<div class=\"wp-block-group alignfull is-layout-flow wp-block-group-is-layout-flow\">\n<div class=\"wp-block-columns are-vertically-aligned-center is-layout-flex wp-container-core-columns-is-layout-2 wp-block-columns-is-layout-flex\">\n<div class=\"wp-block-column is-vertically-aligned-center is-layout-flow wp-block-column-is-layout-flow\">\n<figure class=\"wp-block-image size-large\"><img loading=\"lazy\" decoding=\"async\" width=\"1024\" height=\"768\" src=\"https:\/\/codydrone.fr\/wp-content\/uploads\/2024\/08\/DJI_0042-1024x768.jpg\" alt=\"vue fus\u00e9e bord de mer\" class=\"wp-image-178\" title=\"\" srcset=\"https:\/\/codydrone.fr\/wp-content\/uploads\/2024\/08\/DJI_0042-1024x768.jpg 1024w, https:\/\/codydrone.fr\/wp-content\/uploads\/2024\/08\/DJI_0042-300x225.jpg 300w, https:\/\/codydrone.fr\/wp-content\/uploads\/2024\/08\/DJI_0042.jpg 1920w\" sizes=\"auto, (max-width: 1024px) 100vw, 1024px\" \/><\/figure>\n<\/div>\n\n\n\n<div class=\"wp-block-column is-vertically-aligned-center is-layout-flow wp-block-column-is-layout-flow\">\n<h2 class=\"wp-block-heading\"><strong>Un Service Drone Cl\u00e9 en Main \u2013 S\u00e9curit\u00e9 et Conformit\u00e9 Garanties<\/strong><\/h2>\n\n\n\n<p>Faire appel \u00e0 un&nbsp;<strong>op\u00e9rateur drone certifi\u00e9<\/strong>&nbsp;est la garantie d\u2019une prestation&nbsp;<strong>professionnelle, s\u00e9curis\u00e9e et conforme \u00e0 la r\u00e9glementation<\/strong>.<\/p>\n\n\n\n<p>\u2705&nbsp;<strong>T\u00e9l\u00e9pilote dipl\u00f4m\u00e9<\/strong>&nbsp;: Un expert qualifi\u00e9 pour des prises de vue pr\u00e9cises et ma\u00eetris\u00e9es.<br>\u2705&nbsp;<strong>Assurance incluse<\/strong>&nbsp;: Protection contre tout risque de dommages mat\u00e9riels ou humains.<br>\u2705&nbsp;<strong>Gestion administrative<\/strong>&nbsp;: Autorisations et d\u00e9marches r\u00e9glementaires prises en charge pour une mission sans accroc.<\/p>\n\n\n\n<p>Optez pour un&nbsp;<strong>service cl\u00e9 en main<\/strong>&nbsp;et assurez-vous d\u2019une captation a\u00e9rienne&nbsp;<strong>de qualit\u00e9, en toute s\u00e9r\u00e9nit\u00e9<\/strong>.<\/p>\n\n\n\n<div class=\"wp-block-buttons is-layout-flex wp-block-buttons-is-layout-flex\">\n<div class=\"wp-block-button is-style-outline is-style-outline--2\"><a class=\"wp-block-button__link wp-element-button\" href=\"#\">SERVICES<\/a><\/div>\n<\/div>\n\n\n\n<p><\/p>\n<\/div>\n<\/div>\n\n\n\n<div style=\"height:25px\" aria-hidden=\"true\" class=\"wp-block-spacer\"><\/div>\n<\/div>\n\n\n\n<div style=\"height:25px\" aria-hidden=\"true\" class=\"wp-block-spacer\"><\/div>\n\n\n\n<div class=\"wp-block-group alignfull .wp-block-image:hover{ -ms-transform: scale(1.5); \/* IE 9 *\/-webkit-transform: Safari 3-8 *\/transform: } has-black-background-color has-background is-layout-flow wp-block-group-is-layout-flow\">\n<p><\/p>\n\n\n\n<h2 class=\"wp-block-heading has-text-align-center has-white-color has-text-color\"><strong>PORTFOLIO<\/strong><\/h2>\n\n\n\n<figure class=\"wp-block-gallery aligncenter has-nested-images columns-3 is-cropped wp-block-gallery-3 is-layout-flex wp-block-gallery-is-layout-flex\">\n<figure data-wp-context=\"{&quot;imageId&quot;:&quot;69f73e6eca0ea&quot;}\" data-wp-interactive=\"core\/image\" class=\"wp-block-image size-large wp-lightbox-container\"><img loading=\"lazy\" decoding=\"async\" width=\"1024\" height=\"768\" data-wp-class--hide=\"state.isContentHidden\" data-wp-class--show=\"state.isContentVisible\" data-wp-init=\"callbacks.setButtonStyles\" data-wp-on-async--click=\"actions.showLightbox\" data-wp-on-async--load=\"callbacks.setButtonStyles\" data-wp-on-async-window--resize=\"callbacks.setButtonStyles\" src=\"https:\/\/codydrone.fr\/wp-content\/uploads\/2023\/10\/DJI_0118-1024x768.jpg\" alt=\"villa 3\/4 entr\u00e9e\" class=\"wp-image-96\" title=\"\" srcset=\"https:\/\/codydrone.fr\/wp-content\/uploads\/2023\/10\/DJI_0118-1024x768.jpg 1024w, https:\/\/codydrone.fr\/wp-content\/uploads\/2023\/10\/DJI_0118-300x225.jpg 300w, https:\/\/codydrone.fr\/wp-content\/uploads\/2023\/10\/DJI_0118-768x576.jpg 768w, https:\/\/codydrone.fr\/wp-content\/uploads\/2023\/10\/DJI_0118-1536x1152.jpg 1536w, https:\/\/codydrone.fr\/wp-content\/uploads\/2023\/10\/DJI_0118-2048x1536.jpg 2048w, https:\/\/codydrone.fr\/wp-content\/uploads\/2023\/10\/DJI_0118-2000x1500.jpg 2000w, https:\/\/codydrone.fr\/wp-content\/uploads\/2023\/10\/DJI_0118-600x450.jpg 600w, https:\/\/codydrone.fr\/wp-content\/uploads\/2023\/10\/DJI_0118-1200x900.jpg 1200w, https:\/\/codydrone.fr\/wp-content\/uploads\/2023\/10\/DJI_0118-scaled.jpg 1920w\" sizes=\"auto, (max-width: 1024px) 100vw, 1024px\" \/><button\n\t\t\tclass=\"lightbox-trigger\"\n\t\t\ttype=\"button\"\n\t\t\taria-haspopup=\"dialog\"\n\t\t\taria-label=\"Agrandir l\u2019image\u00a0: villa 3\/4 entr\u00e9e\"\n\t\t\tdata-wp-init=\"callbacks.initTriggerButton\"\n\t\t\tdata-wp-on-async--click=\"actions.showLightbox\"\n\t\t\tdata-wp-style--right=\"state.imageButtonRight\"\n\t\t\tdata-wp-style--top=\"state.imageButtonTop\"\n\t\t>\n\t\t\t<svg xmlns=\"http:\/\/www.w3.org\/2000\/svg\" width=\"12\" height=\"12\" fill=\"none\" viewBox=\"0 0 12 12\">\n\t\t\t\t<path fill=\"#fff\" d=\"M2 0a2 2 0 0 0-2 2v2h1.5V2a.5.5 0 0 1 .5-.5h2V0H2Zm2 10.5H2a.5.5 0 0 1-.5-.5V8H0v2a2 2 0 0 0 2 2h2v-1.5ZM8 12v-1.5h2a.5.5 0 0 0 .5-.5V8H12v2a2 2 0 0 1-2 2H8Zm2-12a2 2 0 0 1 2 2v2h-1.5V2a.5.5 0 0 0-.5-.5H8V0h2Z\" \/>\n\t\t\t<\/svg>\n\t\t<\/button><\/figure>\n\n\n\n<figure data-wp-context=\"{&quot;imageId&quot;:&quot;69f73e6eca57f&quot;}\" data-wp-interactive=\"core\/image\" class=\"wp-block-image size-large wp-lightbox-container\"><img loading=\"lazy\" decoding=\"async\" width=\"1024\" height=\"768\" data-wp-class--hide=\"state.isContentHidden\" data-wp-class--show=\"state.isContentVisible\" data-wp-init=\"callbacks.setButtonStyles\" data-wp-on-async--click=\"actions.showLightbox\" data-wp-on-async--load=\"callbacks.setButtonStyles\" data-wp-on-async-window--resize=\"callbacks.setButtonStyles\" src=\"https:\/\/codydrone.fr\/wp-content\/uploads\/2023\/10\/DJI_0141-1024x768.jpg\" alt=\"villa vue fus\u00e9 proche \" class=\"wp-image-97\" title=\"\" srcset=\"https:\/\/codydrone.fr\/wp-content\/uploads\/2023\/10\/DJI_0141-1024x768.jpg 1024w, https:\/\/codydrone.fr\/wp-content\/uploads\/2023\/10\/DJI_0141-300x225.jpg 300w, https:\/\/codydrone.fr\/wp-content\/uploads\/2023\/10\/DJI_0141-768x576.jpg 768w, https:\/\/codydrone.fr\/wp-content\/uploads\/2023\/10\/DJI_0141-1536x1152.jpg 1536w, https:\/\/codydrone.fr\/wp-content\/uploads\/2023\/10\/DJI_0141-2048x1536.jpg 2048w, https:\/\/codydrone.fr\/wp-content\/uploads\/2023\/10\/DJI_0141-2000x1500.jpg 2000w, https:\/\/codydrone.fr\/wp-content\/uploads\/2023\/10\/DJI_0141-600x450.jpg 600w, https:\/\/codydrone.fr\/wp-content\/uploads\/2023\/10\/DJI_0141-1200x900.jpg 1200w, https:\/\/codydrone.fr\/wp-content\/uploads\/2023\/10\/DJI_0141-scaled.jpg 1920w\" sizes=\"auto, (max-width: 1024px) 100vw, 1024px\" \/><button\n\t\t\tclass=\"lightbox-trigger\"\n\t\t\ttype=\"button\"\n\t\t\taria-haspopup=\"dialog\"\n\t\t\taria-label=\"Agrandir l\u2019image\u00a0: villa vue fus\u00e9 proche \"\n\t\t\tdata-wp-init=\"callbacks.initTriggerButton\"\n\t\t\tdata-wp-on-async--click=\"actions.showLightbox\"\n\t\t\tdata-wp-style--right=\"state.imageButtonRight\"\n\t\t\tdata-wp-style--top=\"state.imageButtonTop\"\n\t\t>\n\t\t\t<svg xmlns=\"http:\/\/www.w3.org\/2000\/svg\" width=\"12\" height=\"12\" fill=\"none\" viewBox=\"0 0 12 12\">\n\t\t\t\t<path fill=\"#fff\" d=\"M2 0a2 2 0 0 0-2 2v2h1.5V2a.5.5 0 0 1 .5-.5h2V0H2Zm2 10.5H2a.5.5 0 0 1-.5-.5V8H0v2a2 2 0 0 0 2 2h2v-1.5ZM8 12v-1.5h2a.5.5 0 0 0 .5-.5V8H12v2a2 2 0 0 1-2 2H8Zm2-12a2 2 0 0 1 2 2v2h-1.5V2a.5.5 0 0 0-.5-.5H8V0h2Z\" \/>\n\t\t\t<\/svg>\n\t\t<\/button><\/figure>\n\n\n\n<figure data-wp-context=\"{&quot;imageId&quot;:&quot;69f73e6eca84b&quot;}\" data-wp-interactive=\"core\/image\" class=\"wp-block-image size-large img:hover{ -ms-transform: scale(1.5); \/* IE 9 *\/-webkit-transform: Safari 3-8 *\/transform: } wp-lightbox-container\"><img loading=\"lazy\" decoding=\"async\" width=\"1024\" height=\"576\" data-wp-class--hide=\"state.isContentHidden\" data-wp-class--show=\"state.isContentVisible\" data-wp-init=\"callbacks.setButtonStyles\" data-wp-on-async--click=\"actions.showLightbox\" data-wp-on-async--load=\"callbacks.setButtonStyles\" data-wp-on-async-window--resize=\"callbacks.setButtonStyles\" src=\"https:\/\/codydrone.fr\/wp-content\/uploads\/2023\/10\/VillaGuez9-1024x576.jpg\" alt=\"villa vue de face avec piscine\" class=\"wp-image-99\" title=\"\" srcset=\"https:\/\/codydrone.fr\/wp-content\/uploads\/2023\/10\/VillaGuez9-1024x576.jpg 1024w, https:\/\/codydrone.fr\/wp-content\/uploads\/2023\/10\/VillaGuez9-300x169.jpg 300w, https:\/\/codydrone.fr\/wp-content\/uploads\/2023\/10\/VillaGuez9-768x432.jpg 768w, https:\/\/codydrone.fr\/wp-content\/uploads\/2023\/10\/VillaGuez9-1536x864.jpg 1536w, https:\/\/codydrone.fr\/wp-content\/uploads\/2023\/10\/VillaGuez9-2048x1152.jpg 2048w, https:\/\/codydrone.fr\/wp-content\/uploads\/2023\/10\/VillaGuez9-2000x1125.jpg 2000w, https:\/\/codydrone.fr\/wp-content\/uploads\/2023\/10\/VillaGuez9-600x337.jpg 600w, https:\/\/codydrone.fr\/wp-content\/uploads\/2023\/10\/VillaGuez9-1200x675.jpg 1200w, https:\/\/codydrone.fr\/wp-content\/uploads\/2023\/10\/VillaGuez9-scaled.jpg 1920w\" sizes=\"auto, (max-width: 1024px) 100vw, 1024px\" \/><button\n\t\t\tclass=\"lightbox-trigger\"\n\t\t\ttype=\"button\"\n\t\t\taria-haspopup=\"dialog\"\n\t\t\taria-label=\"Agrandir l\u2019image\u00a0: villa vue de face avec piscine\"\n\t\t\tdata-wp-init=\"callbacks.initTriggerButton\"\n\t\t\tdata-wp-on-async--click=\"actions.showLightbox\"\n\t\t\tdata-wp-style--right=\"state.imageButtonRight\"\n\t\t\tdata-wp-style--top=\"state.imageButtonTop\"\n\t\t>\n\t\t\t<svg xmlns=\"http:\/\/www.w3.org\/2000\/svg\" width=\"12\" height=\"12\" fill=\"none\" viewBox=\"0 0 12 12\">\n\t\t\t\t<path fill=\"#fff\" d=\"M2 0a2 2 0 0 0-2 2v2h1.5V2a.5.5 0 0 1 .5-.5h2V0H2Zm2 10.5H2a.5.5 0 0 1-.5-.5V8H0v2a2 2 0 0 0 2 2h2v-1.5ZM8 12v-1.5h2a.5.5 0 0 0 .5-.5V8H12v2a2 2 0 0 1-2 2H8Zm2-12a2 2 0 0 1 2 2v2h-1.5V2a.5.5 0 0 0-.5-.5H8V0h2Z\" \/>\n\t\t\t<\/svg>\n\t\t<\/button><\/figure>\n\n\n\n<figure data-wp-context=\"{&quot;imageId&quot;:&quot;69f73e6ecab39&quot;}\" data-wp-interactive=\"core\/image\" class=\"wp-block-image size-large is-style-default wp-lightbox-container\"><img loading=\"lazy\" decoding=\"async\" width=\"1024\" height=\"576\" data-wp-class--hide=\"state.isContentHidden\" data-wp-class--show=\"state.isContentVisible\" data-wp-init=\"callbacks.setButtonStyles\" data-wp-on-async--click=\"actions.showLightbox\" data-wp-on-async--load=\"callbacks.setButtonStyles\" data-wp-on-async-window--resize=\"callbacks.setButtonStyles\" src=\"https:\/\/codydrone.fr\/wp-content\/uploads\/2023\/10\/VillaGuez5-1024x576.jpg\" alt=\"villa vue fus\u00e9 \u00e9loigner\" class=\"wp-image-98\" title=\"\" srcset=\"https:\/\/codydrone.fr\/wp-content\/uploads\/2023\/10\/VillaGuez5-1024x576.jpg 1024w, https:\/\/codydrone.fr\/wp-content\/uploads\/2023\/10\/VillaGuez5-300x169.jpg 300w, https:\/\/codydrone.fr\/wp-content\/uploads\/2023\/10\/VillaGuez5-768x432.jpg 768w, https:\/\/codydrone.fr\/wp-content\/uploads\/2023\/10\/VillaGuez5-1536x864.jpg 1536w, https:\/\/codydrone.fr\/wp-content\/uploads\/2023\/10\/VillaGuez5-2048x1152.jpg 2048w, https:\/\/codydrone.fr\/wp-content\/uploads\/2023\/10\/VillaGuez5-2000x1125.jpg 2000w, https:\/\/codydrone.fr\/wp-content\/uploads\/2023\/10\/VillaGuez5-600x337.jpg 600w, https:\/\/codydrone.fr\/wp-content\/uploads\/2023\/10\/VillaGuez5-1200x675.jpg 1200w, https:\/\/codydrone.fr\/wp-content\/uploads\/2023\/10\/VillaGuez5-scaled.jpg 1920w\" sizes=\"auto, (max-width: 1024px) 100vw, 1024px\" \/><button\n\t\t\tclass=\"lightbox-trigger\"\n\t\t\ttype=\"button\"\n\t\t\taria-haspopup=\"dialog\"\n\t\t\taria-label=\"Agrandir l\u2019image\u00a0: villa vue fus\u00e9 \u00e9loigner\"\n\t\t\tdata-wp-init=\"callbacks.initTriggerButton\"\n\t\t\tdata-wp-on-async--click=\"actions.showLightbox\"\n\t\t\tdata-wp-style--right=\"state.imageButtonRight\"\n\t\t\tdata-wp-style--top=\"state.imageButtonTop\"\n\t\t>\n\t\t\t<svg xmlns=\"http:\/\/www.w3.org\/2000\/svg\" width=\"12\" height=\"12\" fill=\"none\" viewBox=\"0 0 12 12\">\n\t\t\t\t<path fill=\"#fff\" d=\"M2 0a2 2 0 0 0-2 2v2h1.5V2a.5.5 0 0 1 .5-.5h2V0H2Zm2 10.5H2a.5.5 0 0 1-.5-.5V8H0v2a2 2 0 0 0 2 2h2v-1.5ZM8 12v-1.5h2a.5.5 0 0 0 .5-.5V8H12v2a2 2 0 0 1-2 2H8Zm2-12a2 2 0 0 1 2 2v2h-1.5V2a.5.5 0 0 0-.5-.5H8V0h2Z\" \/>\n\t\t\t<\/svg>\n\t\t<\/button><\/figure>\n\n\n\n<figure data-wp-context=\"{&quot;imageId&quot;:&quot;69f73e6ecade8&quot;}\" data-wp-interactive=\"core\/image\" class=\"wp-block-image size-large wp-lightbox-container\"><img loading=\"lazy\" decoding=\"async\" width=\"1024\" height=\"576\" data-wp-class--hide=\"state.isContentHidden\" data-wp-class--show=\"state.isContentVisible\" data-wp-init=\"callbacks.setButtonStyles\" data-wp-on-async--click=\"actions.showLightbox\" data-wp-on-async--load=\"callbacks.setButtonStyles\" data-wp-on-async-window--resize=\"callbacks.setButtonStyles\" src=\"https:\/\/codydrone.fr\/wp-content\/uploads\/2024\/08\/dji_fly_20220901_101552_55_1662024453718_photo-1024x576.jpg\" alt=\"villa vue 3\/4 arri\u00e8re\" class=\"wp-image-182\" title=\"\" srcset=\"https:\/\/codydrone.fr\/wp-content\/uploads\/2024\/08\/dji_fly_20220901_101552_55_1662024453718_photo-1024x576.jpg 1024w, https:\/\/codydrone.fr\/wp-content\/uploads\/2024\/08\/dji_fly_20220901_101552_55_1662024453718_photo-300x169.jpg 300w, https:\/\/codydrone.fr\/wp-content\/uploads\/2024\/08\/dji_fly_20220901_101552_55_1662024453718_photo.jpg 1920w\" sizes=\"auto, (max-width: 1024px) 100vw, 1024px\" \/><button\n\t\t\tclass=\"lightbox-trigger\"\n\t\t\ttype=\"button\"\n\t\t\taria-haspopup=\"dialog\"\n\t\t\taria-label=\"Agrandir l\u2019image\u00a0: villa vue 3\/4 arri\u00e8re\"\n\t\t\tdata-wp-init=\"callbacks.initTriggerButton\"\n\t\t\tdata-wp-on-async--click=\"actions.showLightbox\"\n\t\t\tdata-wp-style--right=\"state.imageButtonRight\"\n\t\t\tdata-wp-style--top=\"state.imageButtonTop\"\n\t\t>\n\t\t\t<svg xmlns=\"http:\/\/www.w3.org\/2000\/svg\" width=\"12\" height=\"12\" fill=\"none\" viewBox=\"0 0 12 12\">\n\t\t\t\t<path fill=\"#fff\" d=\"M2 0a2 2 0 0 0-2 2v2h1.5V2a.5.5 0 0 1 .5-.5h2V0H2Zm2 10.5H2a.5.5 0 0 1-.5-.5V8H0v2a2 2 0 0 0 2 2h2v-1.5ZM8 12v-1.5h2a.5.5 0 0 0 .5-.5V8H12v2a2 2 0 0 1-2 2H8Zm2-12a2 2 0 0 1 2 2v2h-1.5V2a.5.5 0 0 0-.5-.5H8V0h2Z\" \/>\n\t\t\t<\/svg>\n\t\t<\/button><\/figure>\n\n\n\n<figure class=\"wp-block-image size-large\"><img loading=\"lazy\" decoding=\"async\" width=\"1024\" height=\"768\" src=\"https:\/\/codydrone.fr\/wp-content\/uploads\/2025\/02\/3-1024x768.jpg\" alt=\"villa vue 3\/4 face\" class=\"wp-image-191\" title=\"\" srcset=\"https:\/\/codydrone.fr\/wp-content\/uploads\/2025\/02\/3-1024x768.jpg 1024w, https:\/\/codydrone.fr\/wp-content\/uploads\/2025\/02\/3-300x225.jpg 300w, https:\/\/codydrone.fr\/wp-content\/uploads\/2025\/02\/3.jpg 1920w\" sizes=\"auto, (max-width: 1024px) 100vw, 1024px\" \/><\/figure>\n<\/figure>\n\n\n\n<div style=\"height:50px\" aria-hidden=\"true\" class=\"wp-block-spacer\"><\/div>\n<\/div>\n\n\n\n<div class=\"wp-block-cover alignfull has-parallax is-position-center-center\" style=\"min-height:375px;aspect-ratio:unset;\"><span aria-hidden=\"true\" class=\"wp-block-cover__background has-black-background-color has-background-dim-40 has-background-dim\"><\/span><div class=\"wp-block-cover__image-background wp-image-24 has-parallax\" style=\"background-position:50% 50%;background-image:url(https:\/\/codydrone.fr\/wp-content\/themes\/inspiro\/assets\/images\/StockSnap_89BQZ89TLH.jpg)\"><\/div><div class=\"wp-block-cover__inner-container is-layout-flow wp-block-cover-is-layout-flow\">\n<p class=\"has-text-align-center has-text-color has-huge-font-size\" style=\"color:#fffffa;line-height:1.1\"><strong>Des Prises de Vue au Sol et dans les Airs !<\/strong><\/p>\n\n\n\n<p class=\"has-text-align-center\">Je ne suis pas uniquement&nbsp;<strong>t\u00e9l\u00e9pilote de drone<\/strong>, je suis aussi&nbsp;<strong>vid\u00e9aste professionnel<\/strong>. Gr\u00e2ce \u00e0 mon expertise et \u00e0 du mat\u00e9riel haut de gamme, je r\u00e9alise des&nbsp;<strong>vid\u00e9os au sol et a\u00e9riennes<\/strong>&nbsp;pour tous types de projets.<\/p>\n\n\n\n<p class=\"has-text-align-center\">Que ce soit pour un&nbsp;<strong>clip promotionnel, un \u00e9v\u00e9nement, une vid\u00e9o corporate ou un projet cr\u00e9atif<\/strong>, je mets mon savoir-faire \u00e0 votre service.<\/p>\n\n\n\n<p class=\"has-text-align-center\">\ud83d\udce9&nbsp;<strong>Contactez-moi d\u00e8s maintenant<\/strong>&nbsp;pour donner vie \u00e0 vos id\u00e9es avec des images de qualit\u00e9 professionnelle !<\/p>\n\n\n\n<div style=\"height:39px\" aria-hidden=\"true\" class=\"wp-block-spacer\"><\/div>\n\n\n\n<div class=\"wp-block-buttons is-horizontal is-content-justification-center is-layout-flex wp-container-core-buttons-is-layout-3 wp-block-buttons-is-layout-flex\">\n<div class=\"wp-block-button is-style-outline is-style-outline--4\"><a class=\"wp-block-button__link has-white-color has-text-color wp-element-button\" href=\"https:\/\/codydrone.fr\/?page_id=9\">CONTACTEZ-MOI<\/a><\/div>\n<\/div>\n<\/div><\/div>\n","protected":false},"excerpt":{"rendered":"<p>Que ce soit pour un&nbsp;projet personnel ou professionnel, la&nbsp;prise de vue par drone&nbsp;est la solution id\u00e9ale pour capturer des images spectaculaires sous un&nbsp;angle unique. \ud83d\udccc&nbsp;Immobilier&nbsp;: Sublimez vos biens avec des prises de vue a\u00e9riennes percutantes.\ud83d\udccc&nbsp;Entreprise &amp; Marketing&nbsp;: Mettez en valeur votre soci\u00e9t\u00e9 avec des vid\u00e9os professionnelles en haute d\u00e9finition.\ud83d\udccc&nbsp;\u00c9v\u00e9nements&nbsp;: Immortalisez vos&nbsp;mariages, festivals, comp\u00e9titions sportives&nbsp;ou tout &hellip; <\/p>\n<p class=\"link-more\"><a href=\"https:\/\/codydrone.fr\/\" class=\"more-link\">Lire la suite de<span class=\"screen-reader-text\">\u00ab\u00a0Donnez une Nouvelle Dimension \u00e0 Vos Prises de Vue A\u00e9riennes\u00a0\u00bb<\/span><\/a><\/p>\n","protected":false},"author":1,"featured_media":6,"parent":0,"menu_order":0,"comment_status":"closed","ping_status":"closed","template":"","meta":{"footnotes":""},"class_list":["post-7","page","type-page","status-publish","has-post-thumbnail","hentry"],"aioseo_notices":[],"_links":{"self":[{"href":"https:\/\/codydrone.fr\/index.php?rest_route=\/wp\/v2\/pages\/7","targetHints":{"allow":["GET"]}}],"collection":[{"href":"https:\/\/codydrone.fr\/index.php?rest_route=\/wp\/v2\/pages"}],"about":[{"href":"https:\/\/codydrone.fr\/index.php?rest_route=\/wp\/v2\/types\/page"}],"author":[{"embeddable":true,"href":"https:\/\/codydrone.fr\/index.php?rest_route=\/wp\/v2\/users\/1"}],"replies":[{"embeddable":true,"href":"https:\/\/codydrone.fr\/index.php?rest_route=%2Fwp%2Fv2%2Fcomments&post=7"}],"version-history":[{"count":75,"href":"https:\/\/codydrone.fr\/index.php?rest_route=\/wp\/v2\/pages\/7\/revisions"}],"predecessor-version":[{"id":214,"href":"https:\/\/codydrone.fr\/index.php?rest_route=\/wp\/v2\/pages\/7\/revisions\/214"}],"wp:featuredmedia":[{"embeddable":true,"href":"https:\/\/codydrone.fr\/index.php?rest_route=\/wp\/v2\/media\/6"}],"wp:attachment":[{"href":"https:\/\/codydrone.fr\/index.php?rest_route=%2Fwp%2Fv2%2Fmedia&parent=7"}],"curies":[{"name":"wp","href":"https:\/\/api.w.org\/{rel}","templated":true}]}}