{"id":49,"date":"2023-08-22T12:45:43","date_gmt":"2023-08-22T10:45:43","guid":{"rendered":"https:\/\/codydrone.fr\/?page_id=49"},"modified":"2025-04-03T22:04:10","modified_gmt":"2025-04-03T20:04:10","slug":"a-propos","status":"publish","type":"page","link":"https:\/\/codydrone.fr\/?page_id=49","title":{"rendered":"A Propos"},"content":{"rendered":"\n<figure class=\"wp-block-image aligncenter size-medium\"><img loading=\"lazy\" decoding=\"async\" width=\"300\" height=\"300\" src=\"https:\/\/codydrone.fr\/wp-content\/uploads\/2023\/08\/unnamed-300x300.jpg\" alt=\"\" class=\"wp-image-45\" srcset=\"https:\/\/codydrone.fr\/wp-content\/uploads\/2023\/08\/unnamed-300x300.jpg 300w, https:\/\/codydrone.fr\/wp-content\/uploads\/2023\/08\/unnamed-150x150.jpg 150w, https:\/\/codydrone.fr\/wp-content\/uploads\/2023\/08\/unnamed-768x768.jpg 768w, https:\/\/codydrone.fr\/wp-content\/uploads\/2023\/08\/unnamed.jpg 900w\" sizes=\"auto, (max-width: 300px) 100vw, 300px\" \/><\/figure>\n\n\n\n<p class=\"has-text-align-left\">Moi, c\u2019est&nbsp;<strong>Eddy<\/strong>, passionn\u00e9 par les nouvelles technologies et particuli\u00e8rement par l\u2019univers des&nbsp;<strong>drones<\/strong>&nbsp;et de la&nbsp;<strong>vid\u00e9o<\/strong>.<\/p>\n\n\n\n<h4 class=\"wp-block-heading\">Mon Histoire avec les Drones<\/h4>\n\n\n\n<p>Tout a commenc\u00e9 avec un&nbsp;<strong>Parrot AR Drone<\/strong>, que j\u2019ai eu la chance de gagner lors d\u2019un parcours d\u2019obstacles organis\u00e9 par la Fnac. \ud83c\udfae\u2708\ufe0f<\/p>\n\n\n\n<p>(Vid\u00e9o)<\/p>\n\n\n\n<p>Apr\u00e8s cette premi\u00e8re exp\u00e9rience, j\u2019ai \u00e9t\u00e9&nbsp;<strong>piqu\u00e9 par le virus des drones<\/strong>&nbsp;! J\u2019ai continu\u00e9 avec mon&nbsp;<strong>premier DJI<\/strong>, le&nbsp;<strong>Phantom 1<\/strong>, et depuis, ma passion pour la marque DJI ne m\u2019a jamais quitt\u00e9. J\u2019ai test\u00e9 et utilis\u00e9&nbsp;<strong>tous leurs drones grand public<\/strong>, affinant ainsi mon expertise.<\/p>\n\n\n\n<p>Plus r\u00e9cemment, je me suis tourn\u00e9 vers le&nbsp;<strong>FPV (First Person View)<\/strong>, qui offre des sensations de vol incomparables. Ce type de pilotage demande des r\u00e9flexes aff\u00fbt\u00e9s, d\u00e9velopp\u00e9s au fil des crashs (heureusement, ces drones sont solides !).<\/p>\n\n\n\n<h4 class=\"wp-block-heading\">De Vendeur High-Tech \u00e0 T\u00e9l\u00e9pilote de Drone Professionnel<\/h4>\n\n\n\n<p>Mon parcours professionnel a toujours \u00e9t\u00e9 li\u00e9 \u00e0 la technologie :<br>\ud83d\udcf1&nbsp;<strong>Ancien vendeur et technicien chez Apple<\/strong><br>\ud83d\udcf2&nbsp;<strong>Ambassadeur Samsung<\/strong><br>\ud83c\udfa5&nbsp;<strong>Conseiller multim\u00e9dia chez Boulanger<\/strong><\/p>\n\n\n\n<p>Mais en&nbsp;<strong>2023, j\u2019ai d\u00e9cid\u00e9 de tout plaquer<\/strong>&nbsp;pour me consacrer pleinement \u00e0 mes deux passions :&nbsp;<strong>la vid\u00e9o et les drones<\/strong>. J\u2019ai donc pass\u00e9 mon&nbsp;<strong>dipl\u00f4me de t\u00e9l\u00e9pilote de drone<\/strong>&nbsp;aupr\u00e8s de la&nbsp;<strong>DGAC d\u2019Aix-en-Provence<\/strong>, gr\u00e2ce \u00e0 la formation de&nbsp;<strong>TheFrenchDrone<\/strong>.<\/p>\n\n\n\n<p>Lors de cette formation, j\u2019ai eu la chance de rencontrer&nbsp;<strong>St\u00e9phane Couchoud<\/strong>, r\u00e9alisateur sp\u00e9cialis\u00e9 en prises de vues FPV. Lors d\u2019une journ\u00e9e&nbsp;<strong>FPV MasterShot<\/strong>, il nous a partag\u00e9 son exp\u00e9rience et ses pr\u00e9cieux conseils de pro.<\/p>\n\n\n\n<h4 class=\"wp-block-heading\">Mon Expertise \u00e0 Votre Service<\/h4>\n\n\n\n<p>Aujourd\u2019hui, je mets mon&nbsp;<strong>savoir-faire en pilotage de drone<\/strong>&nbsp;et en&nbsp;<strong>captation vid\u00e9o<\/strong>&nbsp;\u00e0 votre disposition. Que ce soit pour des prises de vue a\u00e9riennes ou au sol, je suis&nbsp;<strong>\u00e9quip\u00e9 et passionn\u00e9<\/strong>&nbsp;pour sublimer vos projets visuels.<\/p>\n\n\n\n<p>\ud83d\udce9&nbsp;<strong>Contactez-moi<\/strong>&nbsp;pour \u00e9changer sur vos besoins et concr\u00e9tiser vos id\u00e9es !<\/p>\n","protected":false},"excerpt":{"rendered":"<p>Moi, c\u2019est&nbsp;Eddy, passionn\u00e9 par les nouvelles technologies et particuli\u00e8rement par l\u2019univers des&nbsp;drones&nbsp;et de la&nbsp;vid\u00e9o. Mon Histoire avec les Drones Tout a commenc\u00e9 avec un&nbsp;Parrot AR Drone, que j\u2019ai eu la chance de gagner lors d\u2019un parcours d\u2019obstacles organis\u00e9 par la Fnac. \ud83c\udfae\u2708\ufe0f (Vid\u00e9o) Apr\u00e8s cette premi\u00e8re exp\u00e9rience, j\u2019ai \u00e9t\u00e9&nbsp;piqu\u00e9 par le virus des drones&nbsp;! J\u2019ai &hellip; <\/p>\n<p class=\"link-more\"><a href=\"https:\/\/codydrone.fr\/?page_id=49\" class=\"more-link\">Lire la suite de<span class=\"screen-reader-text\">\u00ab\u00a0A Propos\u00a0\u00bb<\/span><\/a><\/p>\n","protected":false},"author":1,"featured_media":0,"parent":0,"menu_order":0,"comment_status":"closed","ping_status":"closed","template":"","meta":{"footnotes":""},"class_list":["post-49","page","type-page","status-publish","hentry"],"aioseo_notices":[],"_links":{"self":[{"href":"https:\/\/codydrone.fr\/index.php?rest_route=\/wp\/v2\/pages\/49","targetHints":{"allow":["GET"]}}],"collection":[{"href":"https:\/\/codydrone.fr\/index.php?rest_route=\/wp\/v2\/pages"}],"about":[{"href":"https:\/\/codydrone.fr\/index.php?rest_route=\/wp\/v2\/types\/page"}],"author":[{"embeddable":true,"href":"https:\/\/codydrone.fr\/index.php?rest_route=\/wp\/v2\/users\/1"}],"replies":[{"embeddable":true,"href":"https:\/\/codydrone.fr\/index.php?rest_route=%2Fwp%2Fv2%2Fcomments&post=49"}],"version-history":[{"count":6,"href":"https:\/\/codydrone.fr\/index.php?rest_route=\/wp\/v2\/pages\/49\/revisions"}],"predecessor-version":[{"id":219,"href":"https:\/\/codydrone.fr\/index.php?rest_route=\/wp\/v2\/pages\/49\/revisions\/219"}],"wp:attachment":[{"href":"https:\/\/codydrone.fr\/index.php?rest_route=%2Fwp%2Fv2%2Fmedia&parent=49"}],"curies":[{"name":"wp","href":"https:\/\/api.w.org\/{rel}","templated":true}]}}